{"id":8,"date":"2022-12-23T21:37:46","date_gmt":"2022-12-23T21:37:46","guid":{"rendered":"http:\/\/raty.benedyktozog.pl\/index.php\/checkout\/transaction-failed\/"},"modified":"2022-12-23T21:37:47","modified_gmt":"2022-12-23T21:37:47","slug":"blad-transakcji","status":"publish","type":"page","link":"https:\/\/raty.benedyktozog.pl\/index.php\/blad-transakcji\/","title":{"rendered":"B\u0142\u0105d transakcji"},"content":{"rendered":"<p>Twoja transakcja si\u0119 nie powiod\u0142a. Spr\u00f3buj jeszcze raz lub skontaktuj si\u0119 z nami.<\/p>\n","protected":false},"excerpt":{"rendered":"<p>Twoja transakcja si\u0119 nie powiod\u0142a. Spr\u00f3buj jeszcze raz lub skontaktuj si\u0119 z nami.<\/p>\n","protected":false},"author":1,"featured_media":0,"parent":0,"menu_order":0,"comment_status":"closed","ping_status":"closed","template":"","meta":[],"_links":{"self":[{"href":"https:\/\/raty.benedyktozog.pl\/index.php\/wp-json\/wp\/v2\/pages\/8"}],"collection":[{"href":"https:\/\/raty.benedyktozog.pl\/index.php\/wp-json\/wp\/v2\/pages"}],"about":[{"href":"https:\/\/raty.benedyktozog.pl\/index.php\/wp-json\/wp\/v2\/types\/page"}],"author":[{"embeddable":true,"href":"https:\/\/raty.benedyktozog.pl\/index.php\/wp-json\/wp\/v2\/users\/1"}],"replies":[{"embeddable":true,"href":"https:\/\/raty.benedyktozog.pl\/index.php\/wp-json\/wp\/v2\/comments?post=8"}],"version-history":[{"count":1,"href":"https:\/\/raty.benedyktozog.pl\/index.php\/wp-json\/wp\/v2\/pages\/8\/revisions"}],"predecessor-version":[{"id":12,"href":"https:\/\/raty.benedyktozog.pl\/index.php\/wp-json\/wp\/v2\/pages\/8\/revisions\/12"}],"wp:attachment":[{"href":"https:\/\/raty.benedyktozog.pl\/index.php\/wp-json\/wp\/v2\/media?parent=8"}],"curies":[{"name":"wp","href":"https:\/\/api.w.org\/{rel}","templated":true}]}}